{"id":184,"date":"2023-01-12T11:29:58","date_gmt":"2023-01-12T10:29:58","guid":{"rendered":"https:\/\/art-ben.xyz\/?page_id=184"},"modified":"2023-01-12T11:30:02","modified_gmt":"2023-01-12T10:30:02","slug":"mentions-legales","status":"publish","type":"page","link":"https:\/\/art-ben.xyz\/index.php\/mentions-legales\/","title":{"rendered":"MENTIONS L\u00c9GALES"},"content":{"rendered":"\n<p>Nom social et forme juridique : STE BENOIT VIGNOT \/ Entrepreneur individuel<br>Adresse du si\u00e8ge social : 4 Place Francis Paulet &#8211; 06620 LE-BAR-SUR-LOUP, France<\/p>\n\n\n\n<figure id=\"rensjur\" class=\"wp-block-table\"><table><tbody><tr><td>Num\u00e9ro  SIRET<\/td><td>752 679 423 00034<\/td><\/tr><tr><td>Num\u00e9ro TVA Intracommunautaire<\/td><td>FR16752679423<\/td><\/tr><tr><td>Code APE<\/td><td>7410Z<\/td><\/tr><\/tbody><\/table><\/figure>\n\n\n\n<p>Site h\u00e9berg\u00e9 par OVH SAS &#8211; 2 rue Kellermann &#8211; 59100 Roubaix &#8211; France<\/p>\n","protected":false},"excerpt":{"rendered":"<p>Nom social et forme juridique : STE BENOIT VIGNOT \/ Entrepreneur individuelAdresse du si\u00e8ge social : 4 Place Francis Paulet &#8211; 06620 LE-BAR-SUR-LOUP, France Num\u00e9ro SIRET 752 679 423 00034 Num\u00e9ro TVA Intracommunautaire FR16752679423 Code APE 7410Z Site h\u00e9berg\u00e9 par OVH SAS &#8211; 2 rue Kellermann &#8211; 59100 Roubaix &#8211; France<\/p>\n","protected":false},"author":2,"featured_media":0,"parent":0,"menu_order":0,"comment_status":"closed","ping_status":"closed","template":"","meta":{"footnotes":""},"class_list":["post-184","page","type-page","status-publish","hentry"],"yoast_head":"<!-- This site is optimized with the Yoast SEO plugin v27.4 - https:\/\/yoast.com\/product\/yoast-seo-wordpress\/ -->\n<title>MENTIONS L\u00c9GALES - Benoit VIGNOT<\/title>\n<meta name=\"robots\" content=\"index, follow, max-snippet:-1, max-image-preview:large, max-video-preview:-1\" \/>\n<link rel=\"canonical\" href=\"https:\/\/art-ben.xyz\/index.php\/mentions-legales\/\" \/>\n<meta property=\"og:locale\" content=\"fr_FR\" \/>\n<meta property=\"og:type\" content=\"article\" \/>\n<meta property=\"og:title\" content=\"MENTIONS L\u00c9GALES - Benoit VIGNOT\" \/>\n<meta property=\"og:description\" content=\"Nom social et forme juridique : STE BENOIT VIGNOT \/ Entrepreneur individuelAdresse du si\u00e8ge social : 4 Place Francis Paulet &#8211; 06620 LE-BAR-SUR-LOUP, France Num\u00e9ro SIRET 752 679 423 00034 Num\u00e9ro TVA Intracommunautaire FR16752679423 Code APE 7410Z Site h\u00e9berg\u00e9 par OVH SAS &#8211; 2 rue Kellermann &#8211; 59100 Roubaix &#8211; France\" \/>\n<meta property=\"og:url\" content=\"https:\/\/art-ben.xyz\/index.php\/mentions-legales\/\" \/>\n<meta property=\"og:site_name\" content=\"Benoit VIGNOT\" \/>\n<meta property=\"article:publisher\" content=\"https:\/\/www.facebook.com\/ben.vignot\/\" \/>\n<meta property=\"article:modified_time\" content=\"2023-01-12T10:30:02+00:00\" \/>\n<meta name=\"twitter:card\" content=\"summary_large_image\" \/>\n<meta name=\"twitter:label1\" content=\"Dur\u00e9e de lecture estim\u00e9e\" \/>\n\t<meta name=\"twitter:data1\" content=\"1 minute\" \/>\n<script type=\"application\/ld+json\" class=\"yoast-schema-graph\">{\"@context\":\"https:\\\/\\\/schema.org\",\"@graph\":[{\"@type\":\"WebPage\",\"@id\":\"https:\\\/\\\/art-ben.xyz\\\/index.php\\\/mentions-legales\\\/\",\"url\":\"https:\\\/\\\/art-ben.xyz\\\/index.php\\\/mentions-legales\\\/\",\"name\":\"MENTIONS L\u00c9GALES - Benoit VIGNOT\",\"isPartOf\":{\"@id\":\"https:\\\/\\\/art-ben.xyz\\\/#website\"},\"datePublished\":\"2023-01-12T10:29:58+00:00\",\"dateModified\":\"2023-01-12T10:30:02+00:00\",\"breadcrumb\":{\"@id\":\"https:\\\/\\\/art-ben.xyz\\\/index.php\\\/mentions-legales\\\/#breadcrumb\"},\"inLanguage\":\"fr-FR\",\"potentialAction\":[{\"@type\":\"ReadAction\",\"target\":[\"https:\\\/\\\/art-ben.xyz\\\/index.php\\\/mentions-legales\\\/\"]}]},{\"@type\":\"BreadcrumbList\",\"@id\":\"https:\\\/\\\/art-ben.xyz\\\/index.php\\\/mentions-legales\\\/#breadcrumb\",\"itemListElement\":[{\"@type\":\"ListItem\",\"position\":1,\"name\":\"Accueil\",\"item\":\"https:\\\/\\\/art-ben.xyz\\\/\"},{\"@type\":\"ListItem\",\"position\":2,\"name\":\"MENTIONS L\u00c9GALES\"}]},{\"@type\":\"WebSite\",\"@id\":\"https:\\\/\\\/art-ben.xyz\\\/#website\",\"url\":\"https:\\\/\\\/art-ben.xyz\\\/\",\"name\":\"Benoit VIGNOT\",\"description\":\"French artist\",\"publisher\":{\"@id\":\"https:\\\/\\\/art-ben.xyz\\\/#\\\/schema\\\/person\\\/4750b63f4f00496cebc6ace7d9f24196\"},\"potentialAction\":[{\"@type\":\"SearchAction\",\"target\":{\"@type\":\"EntryPoint\",\"urlTemplate\":\"https:\\\/\\\/art-ben.xyz\\\/?s={search_term_string}\"},\"query-input\":{\"@type\":\"PropertyValueSpecification\",\"valueRequired\":true,\"valueName\":\"search_term_string\"}}],\"inLanguage\":\"fr-FR\"},{\"@type\":[\"Person\",\"Organization\"],\"@id\":\"https:\\\/\\\/art-ben.xyz\\\/#\\\/schema\\\/person\\\/4750b63f4f00496cebc6ace7d9f24196\",\"name\":\"Ben VIGNOT\",\"image\":{\"@type\":\"ImageObject\",\"inLanguage\":\"fr-FR\",\"@id\":\"http:\\\/\\\/art-ben.xyz\\\/gallery\\\/wp-content\\\/uploads\\\/2022\\\/11\\\/cropped-Signature_Ben_Art.png\",\"url\":\"http:\\\/\\\/art-ben.xyz\\\/gallery\\\/wp-content\\\/uploads\\\/2022\\\/11\\\/cropped-Signature_Ben_Art.png\",\"contentUrl\":\"http:\\\/\\\/art-ben.xyz\\\/gallery\\\/wp-content\\\/uploads\\\/2022\\\/11\\\/cropped-Signature_Ben_Art.png\",\"width\":512,\"height\":512,\"caption\":\"Ben VIGNOT\"},\"logo\":{\"@id\":\"http:\\\/\\\/art-ben.xyz\\\/gallery\\\/wp-content\\\/uploads\\\/2022\\\/11\\\/cropped-Signature_Ben_Art.png\"},\"sameAs\":[\"http:\\\/\\\/www.art-ben.xyz\",\"https:\\\/\\\/www.facebook.com\\\/ben.vignot\\\/\",\"https:\\\/\\\/www.instagram.com\\\/b3n0a\\\/\",\"https:\\\/\\\/www.linkedin.com\\\/in\\\/benoitvignot\\\/\",\"https:\\\/\\\/www.pinterest.fr\\\/benvignot\\\/\"]}]}<\/script>\n<!-- \/ Yoast SEO plugin. -->","yoast_head_json":{"title":"MENTIONS L\u00c9GALES - Benoit VIGNOT","robots":{"index":"index","follow":"follow","max-snippet":"max-snippet:-1","max-image-preview":"max-image-preview:large","max-video-preview":"max-video-preview:-1"},"canonical":"https:\/\/art-ben.xyz\/index.php\/mentions-legales\/","og_locale":"fr_FR","og_type":"article","og_title":"MENTIONS L\u00c9GALES - Benoit VIGNOT","og_description":"Nom social et forme juridique : STE BENOIT VIGNOT \/ Entrepreneur individuelAdresse du si\u00e8ge social : 4 Place Francis Paulet &#8211; 06620 LE-BAR-SUR-LOUP, France Num\u00e9ro SIRET 752 679 423 00034 Num\u00e9ro TVA Intracommunautaire FR16752679423 Code APE 7410Z Site h\u00e9berg\u00e9 par OVH SAS &#8211; 2 rue Kellermann &#8211; 59100 Roubaix &#8211; France","og_url":"https:\/\/art-ben.xyz\/index.php\/mentions-legales\/","og_site_name":"Benoit VIGNOT","article_publisher":"https:\/\/www.facebook.com\/ben.vignot\/","article_modified_time":"2023-01-12T10:30:02+00:00","twitter_card":"summary_large_image","twitter_misc":{"Dur\u00e9e de lecture estim\u00e9e":"1 minute"},"schema":{"@context":"https:\/\/schema.org","@graph":[{"@type":"WebPage","@id":"https:\/\/art-ben.xyz\/index.php\/mentions-legales\/","url":"https:\/\/art-ben.xyz\/index.php\/mentions-legales\/","name":"MENTIONS L\u00c9GALES - Benoit VIGNOT","isPartOf":{"@id":"https:\/\/art-ben.xyz\/#website"},"datePublished":"2023-01-12T10:29:58+00:00","dateModified":"2023-01-12T10:30:02+00:00","breadcrumb":{"@id":"https:\/\/art-ben.xyz\/index.php\/mentions-legales\/#breadcrumb"},"inLanguage":"fr-FR","potentialAction":[{"@type":"ReadAction","target":["https:\/\/art-ben.xyz\/index.php\/mentions-legales\/"]}]},{"@type":"BreadcrumbList","@id":"https:\/\/art-ben.xyz\/index.php\/mentions-legales\/#breadcrumb","itemListElement":[{"@type":"ListItem","position":1,"name":"Accueil","item":"https:\/\/art-ben.xyz\/"},{"@type":"ListItem","position":2,"name":"MENTIONS L\u00c9GALES"}]},{"@type":"WebSite","@id":"https:\/\/art-ben.xyz\/#website","url":"https:\/\/art-ben.xyz\/","name":"Benoit VIGNOT","description":"French artist","publisher":{"@id":"https:\/\/art-ben.xyz\/#\/schema\/person\/4750b63f4f00496cebc6ace7d9f24196"},"potentialAction":[{"@type":"SearchAction","target":{"@type":"EntryPoint","urlTemplate":"https:\/\/art-ben.xyz\/?s={search_term_string}"},"query-input":{"@type":"PropertyValueSpecification","valueRequired":true,"valueName":"search_term_string"}}],"inLanguage":"fr-FR"},{"@type":["Person","Organization"],"@id":"https:\/\/art-ben.xyz\/#\/schema\/person\/4750b63f4f00496cebc6ace7d9f24196","name":"Ben VIGNOT","image":{"@type":"ImageObject","inLanguage":"fr-FR","@id":"https:\/\/art-ben.xyz\/gallery\/wp-content\/uploads\/2022\/11\/cropped-Signature_Ben_Art.png","url":"https:\/\/art-ben.xyz\/gallery\/wp-content\/uploads\/2022\/11\/cropped-Signature_Ben_Art.png","contentUrl":"https:\/\/art-ben.xyz\/gallery\/wp-content\/uploads\/2022\/11\/cropped-Signature_Ben_Art.png","width":512,"height":512,"caption":"Ben VIGNOT"},"logo":{"@id":"https:\/\/art-ben.xyz\/gallery\/wp-content\/uploads\/2022\/11\/cropped-Signature_Ben_Art.png"},"sameAs":["http:\/\/www.art-ben.xyz","https:\/\/www.facebook.com\/ben.vignot\/","https:\/\/www.instagram.com\/b3n0a\/","https:\/\/www.linkedin.com\/in\/benoitvignot\/","https:\/\/www.pinterest.fr\/benvignot\/"]}]}},"jetpack_sharing_enabled":true,"_links":{"self":[{"href":"https:\/\/art-ben.xyz\/index.php\/wp-json\/wp\/v2\/pages\/184","targetHints":{"allow":["GET"]}}],"collection":[{"href":"https:\/\/art-ben.xyz\/index.php\/wp-json\/wp\/v2\/pages"}],"about":[{"href":"https:\/\/art-ben.xyz\/index.php\/wp-json\/wp\/v2\/types\/page"}],"author":[{"embeddable":true,"href":"https:\/\/art-ben.xyz\/index.php\/wp-json\/wp\/v2\/users\/2"}],"replies":[{"embeddable":true,"href":"https:\/\/art-ben.xyz\/index.php\/wp-json\/wp\/v2\/comments?post=184"}],"version-history":[{"count":1,"href":"https:\/\/art-ben.xyz\/index.php\/wp-json\/wp\/v2\/pages\/184\/revisions"}],"predecessor-version":[{"id":185,"href":"https:\/\/art-ben.xyz\/index.php\/wp-json\/wp\/v2\/pages\/184\/revisions\/185"}],"wp:attachment":[{"href":"https:\/\/art-ben.xyz\/index.php\/wp-json\/wp\/v2\/media?parent=184"}],"curies":[{"name":"wp","href":"https:\/\/api.w.org\/{rel}","templated":true}]}}