{"id":141,"date":"2022-12-15T10:46:22","date_gmt":"2022-12-15T09:46:22","guid":{"rendered":"https:\/\/art-ben.xyz\/?page_id=141"},"modified":"2022-12-15T12:21:45","modified_gmt":"2022-12-15T11:21:45","slug":"biography","status":"publish","type":"page","link":"https:\/\/art-ben.xyz\/index.php\/biography\/","title":{"rendered":"Bio"},"content":{"rendered":"\n<div class=\"wp-block-columns is-layout-flex wp-container-core-columns-is-layout-28f84493 wp-block-columns-is-layout-flex\">\n<div class=\"wp-block-column is-layout-constrained wp-container-core-column-is-layout-23b1a4dc wp-block-column-is-layout-constrained\" style=\"padding-top:var(--wp--preset--spacing--30);padding-right:var(--wp--preset--spacing--30);padding-bottom:var(--wp--preset--spacing--30);padding-left:var(--wp--preset--spacing--30);flex-basis:100%\">\n<figure class=\"wp-block-image size-full is-resized\"><img loading=\"lazy\" decoding=\"async\" data-attachment-id=\"147\" data-permalink=\"https:\/\/art-ben.xyz\/index.php\/biography\/ben-vignot-portrait-1\/\" data-orig-file=\"https:\/\/art-ben.xyz\/gallery\/wp-content\/uploads\/2022\/12\/ben-vignot-portrait-1.jpg\" data-orig-size=\"691,628\" data-comments-opened=\"1\" data-image-meta=\"{&quot;aperture&quot;:&quot;1.7&quot;,&quot;credit&quot;:&quot;&quot;,&quot;camera&quot;:&quot;ONEPLUS A5010&quot;,&quot;caption&quot;:&quot;&quot;,&quot;created_timestamp&quot;:&quot;1624007747&quot;,&quot;copyright&quot;:&quot;&quot;,&quot;focal_length&quot;:&quot;4.103&quot;,&quot;iso&quot;:&quot;125&quot;,&quot;shutter_speed&quot;:&quot;0.00057240984544934&quot;,&quot;title&quot;:&quot;&quot;,&quot;orientation&quot;:&quot;1&quot;}\" data-image-title=\"ben-vignot-portrait-1\" data-image-description=\"\" data-image-caption=\"\" data-large-file=\"https:\/\/art-ben.xyz\/gallery\/wp-content\/uploads\/2022\/12\/ben-vignot-portrait-1.jpg\" src=\"https:\/\/art-ben.xyz\/gallery\/wp-content\/uploads\/2022\/12\/ben-vignot-portrait-1.jpg\" alt=\"\" class=\"wp-image-147\" width=\"239\" height=\"217\" srcset=\"https:\/\/art-ben.xyz\/gallery\/wp-content\/uploads\/2022\/12\/ben-vignot-portrait-1.jpg 691w, https:\/\/art-ben.xyz\/gallery\/wp-content\/uploads\/2022\/12\/ben-vignot-portrait-1-600x545.jpg 600w, https:\/\/art-ben.xyz\/gallery\/wp-content\/uploads\/2022\/12\/ben-vignot-portrait-1-300x273.jpg 300w\" sizes=\"auto, (max-width: 239px) 100vw, 239px\" \/><\/figure>\n\n\n\n<p>Benoit VIGNOT<\/p>\n\n\n\n<p>Tr\u00e8s t\u00f4t int\u00e9ress\u00e9 par le dessin, Benoit d\u00e9couvre l&rsquo;art en passant par <a href=\"https:\/\/fr.wikipedia.org\/wiki\/%C3%89cole_d%27%C3%89tampes\">l&rsquo;\u00e9cole d&rsquo;\u00c9tampes<\/a> dirig\u00e9e par <a href=\"http:\/\/www.philippelejeune.fr\/\">Philippe LEJEUNE<\/a>. Il d\u00e9marre le lyc\u00e9e en s&rsquo;orientant vers les Arts Plastiques. Form\u00e9 par <a href=\"https:\/\/pascalgarin.wixsite.com\/artiste\">Pascal GARIN<\/a>, il participe \u00e0 des concours de peintures et suit des cours du soir. Premi\u00e8res expositions avec d&rsquo;autres jeunes artistes dans la r\u00e9gion parisienne. <\/p>\n\n\n\n<p>Apr\u00e8s un rapide passage par l&rsquo;ann\u00e9e pr\u00e9paratoire de <a href=\"https:\/\/www.penninghen.fr\/ecole-art-graphique\/historique\">l&rsquo;\u00e9cole Met de Penninghen<\/a>,  il poursuit ses \u00e9tudes pendant cinq ans \u00e0 <a href=\"http:\/\/ensaama.net\/site\/\">l&rsquo;\u00c9cole Nationale Sup\u00e9rieure des Arts Appliqu\u00e9s et M\u00e9tiers d&rsquo;Art<\/a>, rue Olivier de Serres \u00e0 Paris. Il y obtiendra deux dipl\u00f4mes en design produit (BTS Cr\u00e9ation Industrielle et DSAA Cr\u00e9ateur Concepteur).<\/p>\n\n\n\n<p>Captiv\u00e9 par les nouvelles technologies, il se sp\u00e9cialise dans la r\u00e9alisation d&rsquo;images de synth\u00e8se 3D. Infographiste \u00e0 l&rsquo;\u00c9cole Militaire de Paris pendant son service national, il travaille le soir comme graphiste pour les magazines <a href=\"https:\/\/www.editions-lariviere.fr\/moto-revue\/\">Moto Revue, L&rsquo;Int\u00e9gral aux \u00e9ditions LARIVIERE<\/a>. <\/p>\n\n\n\n<p>Puis il quitte Paris pour s&rsquo;installer sur la C\u00f4te d&rsquo;Azur, sur les hauteurs de Grasse. Travaillant alors pour la prestigieuse <a href=\"https:\/\/www.linkedin.com\/company\/aesthete\/about\/\">agence AESTHETE<\/a>, il r\u00e9alise diff\u00e9rents projets dans les domaines de la parfumerie, de l&rsquo;horlogerie pour de grandes marques de luxe avec <a href=\"http:\/\/www.debaschmakoff.com\/about\/\">Thierry De Baschmakoff<\/a>.<\/p>\n\n\n\n<p>Install\u00e9 dans les montagnes, il exerce en tant que Designer ind\u00e9pendant depuis 2011; il r\u00e9alise pour diff\u00e9rents clients <a href=\"http:\/\/www.3dgraphdesign.com\">toutes sortes de cr\u00e9ations graphiques<\/a>.<\/p>\n\n\n\n<p>Benoit est passionn\u00e9 de montagne. Il arpente les Alpes en tant qu&rsquo;alpiniste et grimpeur. Toujours en vadrouille dans un vallon du Mercantour, une paroi du Verdon ou une baume des Calanques, emmenant avec lui son carnet, il dessine lors de ses randonn\u00e9es.<\/p>\n\n\n\n<p>C&rsquo;est en 2021 qu&rsquo;il reviendra \u00e0 la peinture. En compagnie des diff\u00e9rents <a href=\"http:\/\/artistesduloup.wixsite.com\/artychauts\">artistes du Bar-Sur-Loup<\/a>, il d\u00e9marre une activit\u00e9 artistique plus libre.<\/p>\n<\/div>\n<\/div>\n","protected":false},"excerpt":{"rendered":"<p>Benoit VIGNOT Tr\u00e8s t\u00f4t int\u00e9ress\u00e9 par le dessin, Benoit d\u00e9couvre l&rsquo;art en passant par l&rsquo;\u00e9cole d&rsquo;\u00c9tampes dirig\u00e9e par Philippe LEJEUNE. Il d\u00e9marre le lyc\u00e9e en s&rsquo;orientant vers les Arts Plastiques. Form\u00e9 par Pascal GARIN, il participe \u00e0 des concours de peintures et suit des cours du soir. Premi\u00e8res expositions avec d&rsquo;autres jeunes artistes dans la [&hellip;]<\/p>\n","protected":false},"author":2,"featured_media":0,"parent":0,"menu_order":0,"comment_status":"closed","ping_status":"closed","template":"","meta":{"footnotes":""},"class_list":["post-141","page","type-page","status-publish","hentry"],"yoast_head":"<!-- This site is optimized with the Yoast SEO plugin v27.4 - https:\/\/yoast.com\/product\/yoast-seo-wordpress\/ -->\n<title>Bio - Benoit VIGNOT<\/title>\n<meta name=\"robots\" content=\"index, follow, max-snippet:-1, max-image-preview:large, max-video-preview:-1\" \/>\n<link rel=\"canonical\" href=\"https:\/\/art-ben.xyz\/index.php\/biography\/\" \/>\n<meta property=\"og:locale\" content=\"fr_FR\" \/>\n<meta property=\"og:type\" content=\"article\" \/>\n<meta property=\"og:title\" content=\"Bio - Benoit VIGNOT\" \/>\n<meta property=\"og:description\" content=\"Benoit VIGNOT Tr\u00e8s t\u00f4t int\u00e9ress\u00e9 par le dessin, Benoit d\u00e9couvre l&rsquo;art en passant par l&rsquo;\u00e9cole d&rsquo;\u00c9tampes dirig\u00e9e par Philippe LEJEUNE. Il d\u00e9marre le lyc\u00e9e en s&rsquo;orientant vers les Arts Plastiques. Form\u00e9 par Pascal GARIN, il participe \u00e0 des concours de peintures et suit des cours du soir. Premi\u00e8res expositions avec d&rsquo;autres jeunes artistes dans la [&hellip;]\" \/>\n<meta property=\"og:url\" content=\"https:\/\/art-ben.xyz\/index.php\/biography\/\" \/>\n<meta property=\"og:site_name\" content=\"Benoit VIGNOT\" \/>\n<meta property=\"article:publisher\" content=\"https:\/\/www.facebook.com\/ben.vignot\/\" \/>\n<meta property=\"article:modified_time\" content=\"2022-12-15T11:21:45+00:00\" \/>\n<meta property=\"og:image\" content=\"https:\/\/art-ben.xyz\/gallery\/wp-content\/uploads\/2022\/12\/ben-vignot-portrait-1.jpg\" \/>\n<meta name=\"twitter:card\" content=\"summary_large_image\" \/>\n<meta name=\"twitter:label1\" content=\"Dur\u00e9e de lecture estim\u00e9e\" \/>\n\t<meta name=\"twitter:data1\" content=\"2 minutes\" \/>\n<script type=\"application\/ld+json\" class=\"yoast-schema-graph\">{\"@context\":\"https:\\\/\\\/schema.org\",\"@graph\":[{\"@type\":\"WebPage\",\"@id\":\"https:\\\/\\\/art-ben.xyz\\\/index.php\\\/biography\\\/\",\"url\":\"https:\\\/\\\/art-ben.xyz\\\/index.php\\\/biography\\\/\",\"name\":\"Bio - Benoit VIGNOT\",\"isPartOf\":{\"@id\":\"https:\\\/\\\/art-ben.xyz\\\/#website\"},\"primaryImageOfPage\":{\"@id\":\"https:\\\/\\\/art-ben.xyz\\\/index.php\\\/biography\\\/#primaryimage\"},\"image\":{\"@id\":\"https:\\\/\\\/art-ben.xyz\\\/index.php\\\/biography\\\/#primaryimage\"},\"thumbnailUrl\":\"https:\\\/\\\/art-ben.xyz\\\/gallery\\\/wp-content\\\/uploads\\\/2022\\\/12\\\/ben-vignot-portrait-1.jpg\",\"datePublished\":\"2022-12-15T09:46:22+00:00\",\"dateModified\":\"2022-12-15T11:21:45+00:00\",\"breadcrumb\":{\"@id\":\"https:\\\/\\\/art-ben.xyz\\\/index.php\\\/biography\\\/#breadcrumb\"},\"inLanguage\":\"fr-FR\",\"potentialAction\":[{\"@type\":\"ReadAction\",\"target\":[\"https:\\\/\\\/art-ben.xyz\\\/index.php\\\/biography\\\/\"]}]},{\"@type\":\"ImageObject\",\"inLanguage\":\"fr-FR\",\"@id\":\"https:\\\/\\\/art-ben.xyz\\\/index.php\\\/biography\\\/#primaryimage\",\"url\":\"https:\\\/\\\/art-ben.xyz\\\/gallery\\\/wp-content\\\/uploads\\\/2022\\\/12\\\/ben-vignot-portrait-1.jpg\",\"contentUrl\":\"https:\\\/\\\/art-ben.xyz\\\/gallery\\\/wp-content\\\/uploads\\\/2022\\\/12\\\/ben-vignot-portrait-1.jpg\",\"width\":691,\"height\":628},{\"@type\":\"BreadcrumbList\",\"@id\":\"https:\\\/\\\/art-ben.xyz\\\/index.php\\\/biography\\\/#breadcrumb\",\"itemListElement\":[{\"@type\":\"ListItem\",\"position\":1,\"name\":\"Accueil\",\"item\":\"https:\\\/\\\/art-ben.xyz\\\/\"},{\"@type\":\"ListItem\",\"position\":2,\"name\":\"Bio\"}]},{\"@type\":\"WebSite\",\"@id\":\"https:\\\/\\\/art-ben.xyz\\\/#website\",\"url\":\"https:\\\/\\\/art-ben.xyz\\\/\",\"name\":\"Benoit VIGNOT\",\"description\":\"French artist\",\"publisher\":{\"@id\":\"https:\\\/\\\/art-ben.xyz\\\/#\\\/schema\\\/person\\\/4750b63f4f00496cebc6ace7d9f24196\"},\"potentialAction\":[{\"@type\":\"SearchAction\",\"target\":{\"@type\":\"EntryPoint\",\"urlTemplate\":\"https:\\\/\\\/art-ben.xyz\\\/?s={search_term_string}\"},\"query-input\":{\"@type\":\"PropertyValueSpecification\",\"valueRequired\":true,\"valueName\":\"search_term_string\"}}],\"inLanguage\":\"fr-FR\"},{\"@type\":[\"Person\",\"Organization\"],\"@id\":\"https:\\\/\\\/art-ben.xyz\\\/#\\\/schema\\\/person\\\/4750b63f4f00496cebc6ace7d9f24196\",\"name\":\"Ben VIGNOT\",\"image\":{\"@type\":\"ImageObject\",\"inLanguage\":\"fr-FR\",\"@id\":\"http:\\\/\\\/art-ben.xyz\\\/gallery\\\/wp-content\\\/uploads\\\/2022\\\/11\\\/cropped-Signature_Ben_Art.png\",\"url\":\"http:\\\/\\\/art-ben.xyz\\\/gallery\\\/wp-content\\\/uploads\\\/2022\\\/11\\\/cropped-Signature_Ben_Art.png\",\"contentUrl\":\"http:\\\/\\\/art-ben.xyz\\\/gallery\\\/wp-content\\\/uploads\\\/2022\\\/11\\\/cropped-Signature_Ben_Art.png\",\"width\":512,\"height\":512,\"caption\":\"Ben VIGNOT\"},\"logo\":{\"@id\":\"http:\\\/\\\/art-ben.xyz\\\/gallery\\\/wp-content\\\/uploads\\\/2022\\\/11\\\/cropped-Signature_Ben_Art.png\"},\"sameAs\":[\"http:\\\/\\\/www.art-ben.xyz\",\"https:\\\/\\\/www.facebook.com\\\/ben.vignot\\\/\",\"https:\\\/\\\/www.instagram.com\\\/b3n0a\\\/\",\"https:\\\/\\\/www.linkedin.com\\\/in\\\/benoitvignot\\\/\",\"https:\\\/\\\/www.pinterest.fr\\\/benvignot\\\/\"]}]}<\/script>\n<!-- \/ Yoast SEO plugin. -->","yoast_head_json":{"title":"Bio - Benoit VIGNOT","robots":{"index":"index","follow":"follow","max-snippet":"max-snippet:-1","max-image-preview":"max-image-preview:large","max-video-preview":"max-video-preview:-1"},"canonical":"https:\/\/art-ben.xyz\/index.php\/biography\/","og_locale":"fr_FR","og_type":"article","og_title":"Bio - Benoit VIGNOT","og_description":"Benoit VIGNOT Tr\u00e8s t\u00f4t int\u00e9ress\u00e9 par le dessin, Benoit d\u00e9couvre l&rsquo;art en passant par l&rsquo;\u00e9cole d&rsquo;\u00c9tampes dirig\u00e9e par Philippe LEJEUNE. Il d\u00e9marre le lyc\u00e9e en s&rsquo;orientant vers les Arts Plastiques. Form\u00e9 par Pascal GARIN, il participe \u00e0 des concours de peintures et suit des cours du soir. Premi\u00e8res expositions avec d&rsquo;autres jeunes artistes dans la [&hellip;]","og_url":"https:\/\/art-ben.xyz\/index.php\/biography\/","og_site_name":"Benoit VIGNOT","article_publisher":"https:\/\/www.facebook.com\/ben.vignot\/","article_modified_time":"2022-12-15T11:21:45+00:00","og_image":[{"url":"https:\/\/art-ben.xyz\/gallery\/wp-content\/uploads\/2022\/12\/ben-vignot-portrait-1.jpg","type":"","width":"","height":""}],"twitter_card":"summary_large_image","twitter_misc":{"Dur\u00e9e de lecture estim\u00e9e":"2 minutes"},"schema":{"@context":"https:\/\/schema.org","@graph":[{"@type":"WebPage","@id":"https:\/\/art-ben.xyz\/index.php\/biography\/","url":"https:\/\/art-ben.xyz\/index.php\/biography\/","name":"Bio - Benoit VIGNOT","isPartOf":{"@id":"https:\/\/art-ben.xyz\/#website"},"primaryImageOfPage":{"@id":"https:\/\/art-ben.xyz\/index.php\/biography\/#primaryimage"},"image":{"@id":"https:\/\/art-ben.xyz\/index.php\/biography\/#primaryimage"},"thumbnailUrl":"https:\/\/art-ben.xyz\/gallery\/wp-content\/uploads\/2022\/12\/ben-vignot-portrait-1.jpg","datePublished":"2022-12-15T09:46:22+00:00","dateModified":"2022-12-15T11:21:45+00:00","breadcrumb":{"@id":"https:\/\/art-ben.xyz\/index.php\/biography\/#breadcrumb"},"inLanguage":"fr-FR","potentialAction":[{"@type":"ReadAction","target":["https:\/\/art-ben.xyz\/index.php\/biography\/"]}]},{"@type":"ImageObject","inLanguage":"fr-FR","@id":"https:\/\/art-ben.xyz\/index.php\/biography\/#primaryimage","url":"https:\/\/art-ben.xyz\/gallery\/wp-content\/uploads\/2022\/12\/ben-vignot-portrait-1.jpg","contentUrl":"https:\/\/art-ben.xyz\/gallery\/wp-content\/uploads\/2022\/12\/ben-vignot-portrait-1.jpg","width":691,"height":628},{"@type":"BreadcrumbList","@id":"https:\/\/art-ben.xyz\/index.php\/biography\/#breadcrumb","itemListElement":[{"@type":"ListItem","position":1,"name":"Accueil","item":"https:\/\/art-ben.xyz\/"},{"@type":"ListItem","position":2,"name":"Bio"}]},{"@type":"WebSite","@id":"https:\/\/art-ben.xyz\/#website","url":"https:\/\/art-ben.xyz\/","name":"Benoit VIGNOT","description":"French artist","publisher":{"@id":"https:\/\/art-ben.xyz\/#\/schema\/person\/4750b63f4f00496cebc6ace7d9f24196"},"potentialAction":[{"@type":"SearchAction","target":{"@type":"EntryPoint","urlTemplate":"https:\/\/art-ben.xyz\/?s={search_term_string}"},"query-input":{"@type":"PropertyValueSpecification","valueRequired":true,"valueName":"search_term_string"}}],"inLanguage":"fr-FR"},{"@type":["Person","Organization"],"@id":"https:\/\/art-ben.xyz\/#\/schema\/person\/4750b63f4f00496cebc6ace7d9f24196","name":"Ben VIGNOT","image":{"@type":"ImageObject","inLanguage":"fr-FR","@id":"https:\/\/art-ben.xyz\/gallery\/wp-content\/uploads\/2022\/11\/cropped-Signature_Ben_Art.png","url":"https:\/\/art-ben.xyz\/gallery\/wp-content\/uploads\/2022\/11\/cropped-Signature_Ben_Art.png","contentUrl":"https:\/\/art-ben.xyz\/gallery\/wp-content\/uploads\/2022\/11\/cropped-Signature_Ben_Art.png","width":512,"height":512,"caption":"Ben VIGNOT"},"logo":{"@id":"https:\/\/art-ben.xyz\/gallery\/wp-content\/uploads\/2022\/11\/cropped-Signature_Ben_Art.png"},"sameAs":["http:\/\/www.art-ben.xyz","https:\/\/www.facebook.com\/ben.vignot\/","https:\/\/www.instagram.com\/b3n0a\/","https:\/\/www.linkedin.com\/in\/benoitvignot\/","https:\/\/www.pinterest.fr\/benvignot\/"]}]}},"jetpack_sharing_enabled":true,"_links":{"self":[{"href":"https:\/\/art-ben.xyz\/index.php\/wp-json\/wp\/v2\/pages\/141","targetHints":{"allow":["GET"]}}],"collection":[{"href":"https:\/\/art-ben.xyz\/index.php\/wp-json\/wp\/v2\/pages"}],"about":[{"href":"https:\/\/art-ben.xyz\/index.php\/wp-json\/wp\/v2\/types\/page"}],"author":[{"embeddable":true,"href":"https:\/\/art-ben.xyz\/index.php\/wp-json\/wp\/v2\/users\/2"}],"replies":[{"embeddable":true,"href":"https:\/\/art-ben.xyz\/index.php\/wp-json\/wp\/v2\/comments?post=141"}],"version-history":[{"count":5,"href":"https:\/\/art-ben.xyz\/index.php\/wp-json\/wp\/v2\/pages\/141\/revisions"}],"predecessor-version":[{"id":151,"href":"https:\/\/art-ben.xyz\/index.php\/wp-json\/wp\/v2\/pages\/141\/revisions\/151"}],"wp:attachment":[{"href":"https:\/\/art-ben.xyz\/index.php\/wp-json\/wp\/v2\/media?parent=141"}],"curies":[{"name":"wp","href":"https:\/\/api.w.org\/{rel}","templated":true}]}}